{"id":7974,"date":"2022-10-10T12:30:13","date_gmt":"2022-10-10T12:30:13","guid":{"rendered":"https:\/\/b11qw0l.myraidbox.de\/?page_id=7974"},"modified":"2022-10-10T12:30:13","modified_gmt":"2022-10-10T12:30:13","slug":"danke-fuer-ihre-nachricht","status":"publish","type":"page","link":"https:\/\/planspielzentrum.eu\/en\/danke-fuer-ihre-nachricht\/","title":{"rendered":"Danke f\u00fcr Ihre Nachricht"},"content":{"rendered":"<p>[et_pb_section fb_built=&#8220;1&#8243; theme_builder_area=&#8220;post_content&#8220; _builder_version=&#8220;4.18.0&#8243; _module_preset=&#8220;default&#8220;][et_pb_row _builder_version=&#8220;4.18.0&#8243; _module_preset=&#8220;default&#8220; theme_builder_area=&#8220;post_content&#8220; column_structure=&#8220;2_5,3_5&#8243;][et_pb_column _builder_version=&#8220;4.18.0&#8243; _module_preset=&#8220;default&#8220; type=&#8220;2_5&#8243; theme_builder_area=&#8220;post_content&#8220;][et_pb_image src=&#8220;https:\/\/planspielzentrum.eu\/wp-content\/uploads\/tine-kontakt.png&#8220; _builder_version=&#8220;4.18.0&#8243; _module_preset=&#8220;default&#8220; theme_builder_area=&#8220;post_content&#8220; hover_enabled=&#8220;0&#8243; sticky_enabled=&#8220;0&#8243; alt=&#8220;Christine Hoeft Planspielparterin&#8220; title_text=&#8220;Christine Hoeft Planspielparterin&#8220;][\/et_pb_image][\/et_pb_column][et_pb_column _builder_version=&#8220;4.18.0&#8243; _module_preset=&#8220;default&#8220; type=&#8220;3_5&#8243; theme_builder_area=&#8220;post_content&#8220;][et_pb_text _builder_version=&#8220;4.18.0&#8243; _module_preset=&#8220;default&#8220; header_font=&#8220;Montserrat|800||on|||||&#8220; header_text_color=&#8220;#a3bb22&#8243; header_font_size=&#8220;80px&#8220; header_line_height=&#8220;1.1em&#8220; header_2_font=&#8220;Montserrat|700||on|||||&#8220; header_2_text_color=&#8220;rgba(44,44,44,0.5)&#8220; header_2_font_size=&#8220;17px&#8220; header_2_letter_spacing=&#8220;1px&#8220; header_2_line_height=&#8220;1.3em&#8220; header_3_font=&#8220;Montserrat|800||on|||||&#8220; header_3_text_color=&#8220;gcid-63879aee-b61c-4ff0-b2ba-ee923ca9e4b4&#8243; header_3_font_size=&#8220;38px&#8220; custom_margin=&#8220;||-1px|||&#8220; hover_enabled=&#8220;0&#8243; text_font_size_tablet=&#8220;&#8220; text_font_size_phone=&#8220;&#8220; text_font_size_last_edited=&#8220;on|desktop&#8220; header_font_size_tablet=&#8220;44px&#8220; header_font_size_phone=&#8220;32px&#8220; header_font_size_last_edited=&#8220;on|phone&#8220; global_colors_info=&#8220;{%22gcid-63879aee-b61c-4ff0-b2ba-ee923ca9e4b4%22:%91%22header_3_text_color%22%93}&#8220; theme_builder_area=&#8220;post_content&#8220; sticky_enabled=&#8220;0&#8243;]<\/p>\n<h2 class=\"\" style=\"--fontsize: 12; line-height: 1.3; --minfontsize: 12; text-align: center;\" data-fontsize=\"12\" data-lineheight=\"15.6px\"><\/h2>\n<h3 class=\"\" style=\"--fontsize: 80; line-height: 1.1; text-align: center;\" data-fontsize=\"80\" data-lineheight=\"88px\">Danke f\u00fcr Ihre Nachricht.<\/h3>\n<h3 class=\"\" style=\"--fontsize: 80; line-height: 1.1; text-align: center;\" data-fontsize=\"80\" data-lineheight=\"88px\">Wir melden uns in K\u00fcrze bei ihnen.<\/h3>\n<p>&nbsp;<\/p>\n<p>[\/et_pb_text][\/et_pb_column][\/et_pb_row][\/et_pb_section]<\/p>","protected":false},"excerpt":{"rendered":"<p>Danke f\u00fcr Ihre Nachricht. Wir melden uns in K\u00fcrze bei ihnen. &nbsp;<\/p>","protected":false},"author":14,"featured_media":0,"parent":0,"menu_order":0,"comment_status":"closed","ping_status":"closed","template":"","meta":{"_et_pb_use_builder":"on","_et_pb_old_content":"","_et_gb_content_width":"","footnotes":""},"dipi_cpt_category":[],"class_list":["post-7974","page","type-page","status-publish","hentry"],"yoast_head":"<!-- This site is optimized with the Yoast SEO plugin v26.4 - https:\/\/yoast.com\/wordpress\/plugins\/seo\/ -->\n<title>Danke f\u00fcr Ihre Nachricht - Das Planspielzentrum<\/title>\n<meta name=\"robots\" content=\"index, follow, max-snippet:-1, max-image-preview:large, max-video-preview:-1\" \/>\n<link rel=\"canonical\" href=\"https:\/\/planspielzentrum.eu\/en\/danke-fuer-ihre-nachricht\/\" \/>\n<meta property=\"og:locale\" content=\"en_US\" \/>\n<meta property=\"og:type\" content=\"article\" \/>\n<meta property=\"og:title\" content=\"Danke f\u00fcr Ihre Nachricht - Das Planspielzentrum\" \/>\n<meta property=\"og:description\" content=\"Danke f\u00fcr Ihre Nachricht. Wir melden uns in K\u00fcrze bei ihnen. &nbsp;\" \/>\n<meta property=\"og:url\" content=\"https:\/\/planspielzentrum.eu\/en\/danke-fuer-ihre-nachricht\/\" \/>\n<meta property=\"og:site_name\" content=\"Das Planspielzentrum\" \/>\n<meta property=\"article:publisher\" content=\"https:\/\/www.facebook.com\/kaiblingerpartner\/\" \/>\n<meta name=\"twitter:card\" content=\"summary_large_image\" \/>\n<meta name=\"twitter:site\" content=\"@KarlKaiblinger\" \/>\n<script type=\"application\/ld+json\" class=\"yoast-schema-graph\">{\"@context\":\"https:\/\/schema.org\",\"@graph\":[{\"@type\":\"WebPage\",\"@id\":\"https:\/\/planspielzentrum.eu\/danke-fuer-ihre-nachricht\/\",\"url\":\"https:\/\/planspielzentrum.eu\/danke-fuer-ihre-nachricht\/\",\"name\":\"Danke f\u00fcr Ihre Nachricht - Das Planspielzentrum\",\"isPartOf\":{\"@id\":\"https:\/\/planspielzentrum.eu\/#website\"},\"datePublished\":\"2022-10-10T12:30:13+00:00\",\"breadcrumb\":{\"@id\":\"https:\/\/planspielzentrum.eu\/danke-fuer-ihre-nachricht\/#breadcrumb\"},\"inLanguage\":\"en-US\",\"potentialAction\":[{\"@type\":\"ReadAction\",\"target\":[\"https:\/\/planspielzentrum.eu\/danke-fuer-ihre-nachricht\/\"]}]},{\"@type\":\"BreadcrumbList\",\"@id\":\"https:\/\/planspielzentrum.eu\/danke-fuer-ihre-nachricht\/#breadcrumb\",\"itemListElement\":[{\"@type\":\"ListItem\",\"position\":1,\"name\":\"Startseite\",\"item\":\"https:\/\/planspielzentrum.eu\/\"},{\"@type\":\"ListItem\",\"position\":2,\"name\":\"Danke f\u00fcr Ihre Nachricht\"}]},{\"@type\":\"WebSite\",\"@id\":\"https:\/\/planspielzentrum.eu\/#website\",\"url\":\"https:\/\/planspielzentrum.eu\/\",\"name\":\"Planspielzentrum Kaiblinger\",\"description\":\"Planspiele und Business-Simulationen aus aller Welt\",\"publisher\":{\"@id\":\"https:\/\/planspielzentrum.eu\/#organization\"},\"potentialAction\":[{\"@type\":\"SearchAction\",\"target\":{\"@type\":\"EntryPoint\",\"urlTemplate\":\"https:\/\/planspielzentrum.eu\/?s={search_term_string}\"},\"query-input\":{\"@type\":\"PropertyValueSpecification\",\"valueRequired\":true,\"valueName\":\"search_term_string\"}}],\"inLanguage\":\"en-US\"},{\"@type\":\"Organization\",\"@id\":\"https:\/\/planspielzentrum.eu\/#organization\",\"name\":\"Planspielzentrum\",\"url\":\"https:\/\/planspielzentrum.eu\/\",\"logo\":{\"@type\":\"ImageObject\",\"inLanguage\":\"en-US\",\"@id\":\"https:\/\/planspielzentrum.eu\/#\/schema\/logo\/image\/\",\"url\":\"https:\/\/planspielzentrum.eu\/wp-content\/uploads\/planspielzentrum-logo-70.jpg\",\"contentUrl\":\"https:\/\/planspielzentrum.eu\/wp-content\/uploads\/planspielzentrum-logo-70.jpg\",\"width\":202,\"height\":70,\"caption\":\"Planspielzentrum\"},\"image\":{\"@id\":\"https:\/\/planspielzentrum.eu\/#\/schema\/logo\/image\/\"},\"sameAs\":[\"https:\/\/www.facebook.com\/kaiblingerpartner\/\",\"https:\/\/x.com\/KarlKaiblinger\",\"https:\/\/www.linkedin.com\/company\/86288765\/admin\/\"]}]}<\/script>\n<!-- \/ Yoast SEO plugin. -->","yoast_head_json":{"title":"Danke f\u00fcr Ihre Nachricht - Das Planspielzentrum","robots":{"index":"index","follow":"follow","max-snippet":"max-snippet:-1","max-image-preview":"max-image-preview:large","max-video-preview":"max-video-preview:-1"},"canonical":"https:\/\/planspielzentrum.eu\/en\/danke-fuer-ihre-nachricht\/","og_locale":"en_US","og_type":"article","og_title":"Danke f\u00fcr Ihre Nachricht - Das Planspielzentrum","og_description":"Danke f\u00fcr Ihre Nachricht. Wir melden uns in K\u00fcrze bei ihnen. &nbsp;","og_url":"https:\/\/planspielzentrum.eu\/en\/danke-fuer-ihre-nachricht\/","og_site_name":"Das Planspielzentrum","article_publisher":"https:\/\/www.facebook.com\/kaiblingerpartner\/","twitter_card":"summary_large_image","twitter_site":"@KarlKaiblinger","schema":{"@context":"https:\/\/schema.org","@graph":[{"@type":"WebPage","@id":"https:\/\/planspielzentrum.eu\/danke-fuer-ihre-nachricht\/","url":"https:\/\/planspielzentrum.eu\/danke-fuer-ihre-nachricht\/","name":"Danke f\u00fcr Ihre Nachricht - Das Planspielzentrum","isPartOf":{"@id":"https:\/\/planspielzentrum.eu\/#website"},"datePublished":"2022-10-10T12:30:13+00:00","breadcrumb":{"@id":"https:\/\/planspielzentrum.eu\/danke-fuer-ihre-nachricht\/#breadcrumb"},"inLanguage":"en-US","potentialAction":[{"@type":"ReadAction","target":["https:\/\/planspielzentrum.eu\/danke-fuer-ihre-nachricht\/"]}]},{"@type":"BreadcrumbList","@id":"https:\/\/planspielzentrum.eu\/danke-fuer-ihre-nachricht\/#breadcrumb","itemListElement":[{"@type":"ListItem","position":1,"name":"Startseite","item":"https:\/\/planspielzentrum.eu\/"},{"@type":"ListItem","position":2,"name":"Danke f\u00fcr Ihre Nachricht"}]},{"@type":"WebSite","@id":"https:\/\/planspielzentrum.eu\/#website","url":"https:\/\/planspielzentrum.eu\/","name":"Planspielzentrum Kaiblinger","description":"Planspiele und Business-Simulationen aus aller Welt","publisher":{"@id":"https:\/\/planspielzentrum.eu\/#organization"},"potentialAction":[{"@type":"SearchAction","target":{"@type":"EntryPoint","urlTemplate":"https:\/\/planspielzentrum.eu\/?s={search_term_string}"},"query-input":{"@type":"PropertyValueSpecification","valueRequired":true,"valueName":"search_term_string"}}],"inLanguage":"en-US"},{"@type":"Organization","@id":"https:\/\/planspielzentrum.eu\/#organization","name":"Planspielzentrum","url":"https:\/\/planspielzentrum.eu\/","logo":{"@type":"ImageObject","inLanguage":"en-US","@id":"https:\/\/planspielzentrum.eu\/#\/schema\/logo\/image\/","url":"https:\/\/planspielzentrum.eu\/wp-content\/uploads\/planspielzentrum-logo-70.jpg","contentUrl":"https:\/\/planspielzentrum.eu\/wp-content\/uploads\/planspielzentrum-logo-70.jpg","width":202,"height":70,"caption":"Planspielzentrum"},"image":{"@id":"https:\/\/planspielzentrum.eu\/#\/schema\/logo\/image\/"},"sameAs":["https:\/\/www.facebook.com\/kaiblingerpartner\/","https:\/\/x.com\/KarlKaiblinger","https:\/\/www.linkedin.com\/company\/86288765\/admin\/"]}]}},"_links":{"self":[{"href":"https:\/\/planspielzentrum.eu\/en\/wp-json\/wp\/v2\/pages\/7974","targetHints":{"allow":["GET"]}}],"collection":[{"href":"https:\/\/planspielzentrum.eu\/en\/wp-json\/wp\/v2\/pages"}],"about":[{"href":"https:\/\/planspielzentrum.eu\/en\/wp-json\/wp\/v2\/types\/page"}],"author":[{"embeddable":true,"href":"https:\/\/planspielzentrum.eu\/en\/wp-json\/wp\/v2\/users\/14"}],"replies":[{"embeddable":true,"href":"https:\/\/planspielzentrum.eu\/en\/wp-json\/wp\/v2\/comments?post=7974"}],"version-history":[{"count":3,"href":"https:\/\/planspielzentrum.eu\/en\/wp-json\/wp\/v2\/pages\/7974\/revisions"}],"predecessor-version":[{"id":8610,"href":"https:\/\/planspielzentrum.eu\/en\/wp-json\/wp\/v2\/pages\/7974\/revisions\/8610"}],"wp:attachment":[{"href":"https:\/\/planspielzentrum.eu\/en\/wp-json\/wp\/v2\/media?parent=7974"}],"wp:term":[{"taxonomy":"dipi_cpt_category","embeddable":true,"href":"https:\/\/planspielzentrum.eu\/en\/wp-json\/wp\/v2\/dipi_cpt_category?post=7974"}],"curies":[{"name":"wp","href":"https:\/\/api.w.org\/{rel}","templated":true}]}}