{"id":7928,"date":"2022-10-07T21:11:01","date_gmt":"2022-10-07T21:11:01","guid":{"rendered":"https:\/\/b11qw0l.myraidbox.de\/?page_id=7928"},"modified":"2026-04-28T08:21:32","modified_gmt":"2026-04-28T08:21:32","slug":"online-planspiele","status":"publish","type":"page","link":"https:\/\/planspielzentrum.eu\/en\/online-planspiele\/","title":{"rendered":"online-planspiele"},"content":{"rendered":"<p>[et_pb_section fb_built=&#8220;1&#8243; _builder_version=&#8220;4.18.0&#8243; _module_preset=&#8220;default&#8220; custom_padding=&#8220;||1px|||&#8220; global_colors_info=&#8220;{}&#8220;][et_pb_row column_structure=&#8220;1_2,1_2&#8243; _builder_version=&#8220;4.18.0&#8243; _module_preset=&#8220;default&#8220; global_colors_info=&#8220;{}&#8220;][et_pb_column type=&#8220;1_2&#8243; _builder_version=&#8220;4.18.0&#8243; _module_preset=&#8220;default&#8220; global_colors_info=&#8220;{}&#8220;][et_pb_text _builder_version=&#8220;4.21.0&#8243; _module_preset=&#8220;default&#8220; text_font=&#8220;Montserrat|||on|||||&#8220; text_text_color=&#8220;gcid-ab804899-632c-482b-bcda-6fadac75d700&#8243; header_font=&#8220;Montserrat|800||on|||||&#8220; header_text_color=&#8220;gcid-63879aee-b61c-4ff0-b2ba-ee923ca9e4b4&#8243; header_font_size=&#8220;45px&#8220; header_line_height=&#8220;1.1em&#8220; header_2_font=&#8220;Montserrat|700||on|||||&#8220; header_2_text_color=&#8220;gcid-ab804899-632c-482b-bcda-6fadac75d700&#8243; header_2_font_size=&#8220;16px&#8220; header_2_letter_spacing=&#8220;1px&#8220; header_2_line_height=&#8220;1.3em&#8220; text_font_size_tablet=&#8220;&#8220; text_font_size_phone=&#8220;&#8220; text_font_size_last_edited=&#8220;on|desktop&#8220; header_font_size_tablet=&#8220;44px&#8220; header_font_size_phone=&#8220;32px&#8220; header_font_size_last_edited=&#8220;on|phone&#8220; global_colors_info=&#8220;{%22gcid-ab804899-632c-482b-bcda-6fadac75d700%22:%91%22text_text_color%22,%22header_2_text_color%22%93,%22gcid-63879aee-b61c-4ff0-b2ba-ee923ca9e4b4%22:%91%22header_text_color%22%93}&#8220;]<\/p>\n<h1 style=\"--fontsize: 12; line-height: 1.3; --minfontsize: 12; text-align: center;\" data-fontsize=\"12\" data-lineheight=\"15.6px\">Our Online-Simulations<\/h1>\n<p>[\/et_pb_text][et_pb_image src=&#8220;https:\/\/planspielzentrum.eu\/wp-content\/uploads\/PZ-Design-ohne-Titel.png&#8220; alt=&#8220;Eine zufriedene Mitarbeiterin im B\u00fcro&#8220; title_text=&#8220;PZ Design ohne Titel&#8220; _builder_version=&#8220;4.21.0&#8243; _module_preset=&#8220;default&#8220; global_colors_info=&#8220;{}&#8220;][\/et_pb_image][\/et_pb_column][et_pb_column type=&#8220;1_2&#8243; _builder_version=&#8220;4.18.0&#8243; _module_preset=&#8220;default&#8220; global_colors_info=&#8220;{}&#8220;][et_pb_text _builder_version=&#8220;4.18.0&#8243; _module_preset=&#8220;fb3d65bf-a8b3-4897-95f4-4b2325e4d896&#8243; text_font=&#8220;Montserrat|500|||||||&#8220; text_text_color=&#8220;gcid-ab804899-632c-482b-bcda-6fadac75d700&#8243; text_font_size=&#8220;16px&#8220; text_line_height=&#8220;1.8em&#8220; link_text_color=&#8220;#003E51&#8243; header_font=&#8220;Montserrat||||||||&#8220; text_font_size_tablet=&#8220;&#8220; text_font_size_phone=&#8220;&#8220; text_font_size_last_edited=&#8220;on|desktop&#8220; global_colors_info=&#8220;{%22gcid-ab804899-632c-482b-bcda-6fadac75d700%22:%91%22text_text_color%22%93}&#8220;]<\/p>\n<p><span>Online-Planspiele sind unsere Antwort f\u00fcr Unternehmen auf herausfordernde Zeiten, die uns wohl noch l\u00e4nger begleiten werden. Gerade jetzt ist es schwierig, Mitarbeiter*innen Weiterbildungen zu erm\u00f6glichen, das Teamwork zu st\u00e4rken und gemeinsam Aufgaben zu meistern. Neue Lehrmethoden und Tools sind deshalb gefragt!<\/span><\/p>\n<p>In Zeiten von Home Office und verteiltem Arbeiten steigt auch der Bedarf nach Online-L\u00f6sungen bei Planspielen. Gerade jetzt, wenn F\u00fchrungskr\u00e4fte ihre Teams und Mitarbeiter*innen \u00f6rtlich voneinander getrennt zusammen agieren, bieten Online-Planspielseminare die optimale Voraussetzung, um flexibel auf die ge\u00e4nderten Bedingungen\u00a0 reagieren zu k\u00f6nnen. So k\u00f6nnen Sie Ihre Mitarbeiter*innen trotz Homeoffice f\u00f6rdern und strukturierte Inhalte in einfacher, ansprechender Lernumgebung vermitteln.<\/p>\n<p>That's why we now offer you a selection of our tried-and-tested (originally haptic) simulation games as online versions. Complex relationships from the professional context can be simulated and trained in a practical way without being exposed to real economic consequences. Accompanied by our certified trainers, you and your teams can work together, cooperate and solve real cases despite being geographically separated.<\/p>\n<p>[\/et_pb_text][\/et_pb_column][\/et_pb_row][\/et_pb_section][et_pb_section fb_built=&#8220;1&#8243; _builder_version=&#8220;4.17.6&#8243; _module_preset=&#8220;default&#8220; custom_padding=&#8220;0px|||||&#8220; global_colors_info=&#8220;{}&#8220;][et_pb_row _builder_version=&#8220;4.17.6&#8243; _module_preset=&#8220;default&#8220; global_colors_info=&#8220;{}&#8220;][et_pb_column type=&#8220;4_4&#8243; _builder_version=&#8220;4.17.6&#8243; _module_preset=&#8220;default&#8220; global_colors_info=&#8220;{}&#8220;][et_pb_text _builder_version=&#8220;4.21.0&#8243; _module_preset=&#8220;default&#8220; text_font=&#8220;Montserrat||||||||&#8220; text_text_color=&#8220;gcid-ab804899-632c-482b-bcda-6fadac75d700&#8243; header_font=&#8220;Montserrat|800||on|||||&#8220; header_text_color=&#8220;gcid-63879aee-b61c-4ff0-b2ba-ee923ca9e4b4&#8243; header_font_size=&#8220;50px&#8220; header_line_height=&#8220;1.1em&#8220; header_2_font=&#8220;Montserrat|800||on|||||&#8220; header_2_text_color=&#8220;gcid-ab804899-632c-482b-bcda-6fadac75d700&#8243; header_2_font_size=&#8220;45px&#8220; header_2_letter_spacing=&#8220;1px&#8220; header_2_line_height=&#8220;1.3em&#8220; text_font_size_tablet=&#8220;&#8220; text_font_size_phone=&#8220;&#8220; text_font_size_last_edited=&#8220;on|desktop&#8220; header_font_size_tablet=&#8220;44px&#8220; header_font_size_phone=&#8220;32px&#8220; header_font_size_last_edited=&#8220;on|phone&#8220; global_colors_info=&#8220;{%22gcid-ab804899-632c-482b-bcda-6fadac75d700%22:%91%22text_text_color%22,%22header_2_text_color%22%93,%22gcid-63879aee-b61c-4ff0-b2ba-ee923ca9e4b4%22:%91%22header_text_color%22%93}&#8220;]<\/p>\n<h3 class=\"fusion-responsive-typography-calculated\" style=\"--fontsize: 80; line-height: 1.1; text-align: center;\" data-fontsize=\"80\" data-lineheight=\"88px\">Our online simulation games: digital and universal<\/h3>\n<p>[\/et_pb_text][\/et_pb_column][\/et_pb_row][et_pb_row column_structure=&#8220;1_3,1_3,1_3&#8243; _builder_version=&#8220;4.17.6&#8243; _module_preset=&#8220;default&#8220; global_colors_info=&#8220;{}&#8220;][et_pb_column type=&#8220;1_3&#8243; _builder_version=&#8220;4.17.6&#8243; _module_preset=&#8220;default&#8220; global_colors_info=&#8220;{}&#8220;][et_pb_blurb title=&#8220;Mission im Weltraum&#8220; image=&#8220;https:\/\/planspielzentrum.eu\/wp-content\/uploads\/13.png&#8220; alt=&#8220;Mission im Weltraum: Die Erde von oben&#8220; _builder_version=&#8220;4.21.0&#8243; _module_preset=&#8220;default&#8220; header_font=&#8220;Montserrat|700||on|||||&#8220; body_font=&#8220;Montserrat||||||||&#8220; global_module=&#8220;7594&#8243; global_colors_info=&#8220;{}&#8220;]<\/p>\n<p class=\"_04xlpA direction-ltr align-start para-style-body\"><span class=\"JsGRdQ\">The teams are on a secret mission in space. When  things go wrong, effective communication and quick thinking is needed to guide the spaceship through the obstacles ahead. A great teambuilding-experience. Available as a haptic or as an online-simulation<\/span> <span class=\"JsGRdQ\">A great teambuilding-experience.<\/span> <span class=\"JsGRdQ\">Available as a haptic or as an online-simulation<\/span><\/p>\n<p class=\"_04xlpA direction-ltr align-start para-style-body\">\n[\/et_pb_blurb][et_pb_button button_url=&#8220;@ET-DC@eyJkeW5hbWljIjp0cnVlLCJjb250ZW50IjoicG9zdF9saW5rX3VybF9wYWdlIiwic2V0dGluZ3MiOnsicG9zdF9pZCI6Ijc2ODMifX0=@&#8220; button_text=&#8220;zum planspiel&#8220; _builder_version=&#8220;4.19.4&#8243; _dynamic_attributes=&#8220;button_url&#8220; _module_preset=&#8220;default&#8220; custom_margin=&#8220;||||false|false&#8220; global_module=&#8220;7595&#8243; global_colors_info=&#8220;{%22gcid-63879aee-b61c-4ff0-b2ba-ee923ca9e4b4%22:%91%22button_bg_color%22,%22button_border_color%22%93}&#8220;][\/et_pb_button][\/et_pb_column][et_pb_column type=&#8220;1_3&#8243; _builder_version=&#8220;4.17.6&#8243; _module_preset=&#8220;default&#8220; global_colors_info=&#8220;{}&#8220;][et_pb_blurb title=&#8220;Fort Fantastic&#8220; image=&#8220;https:\/\/planspielzentrum.eu\/wp-content\/uploads\/12.png&#8220; alt=&#8220;Ein Riesenrad im Fort Fantastic&#8220; _builder_version=&#8220;4.21.0&#8243; _module_preset=&#8220;default&#8220; header_font=&#8220;Montserrat|700||on|||||&#8220; body_font=&#8220;Montserrat||||||||&#8220; global_module=&#8220;7592&#8243; global_colors_info=&#8220;{}&#8220;]<\/p>\n<p><span class=\"JsGRdQ\">Manage an amusement park and experience the rollercoaster of decisions, processes and collaboration in companies from new perspectives. A dynamic Simulation adaptable to your need and participants.<\/span><\/p>\n<p class=\"_04xlpA direction-ltr align-start para-style-body\">\n[\/et_pb_blurb][et_pb_button button_url=&#8220;@ET-DC@eyJkeW5hbWljIjp0cnVlLCJjb250ZW50IjoicG9zdF9saW5rX3VybF9wYWdlIiwic2V0dGluZ3MiOnsicG9zdF9pZCI6IjU3MDEifX0=@&#8220; button_text=&#8220;zum planspiel&#8220; _builder_version=&#8220;4.18.0&#8243; _dynamic_attributes=&#8220;button_url&#8220; _module_preset=&#8220;default&#8220; custom_margin=&#8220;||||false|false&#8220; global_module=&#8220;7593&#8243; global_colors_info=&#8220;{%22gcid-63879aee-b61c-4ff0-b2ba-ee923ca9e4b4%22:%91%22button_bg_color%22,%22button_border_color%22%93}&#8220;][\/et_pb_button][\/et_pb_column][et_pb_column type=&#8220;1_3&#8243; _builder_version=&#8220;4.17.6&#8243; _module_preset=&#8220;default&#8220; global_colors_info=&#8220;{}&#8220;][et_pb_blurb title=&#8220;Alfi\u2019s Company&#8220; image=&#8220;https:\/\/planspielzentrum.eu\/wp-content\/uploads\/ALFIS.png&#8220; alt=&#8220;Alfis &#8211; Planspiel Unternehmerisches Denken und Handeln&#8220; _builder_version=&#8220;4.21.0&#8243; _module_preset=&#8220;default&#8220; header_font=&#8220;Montserrat|700||on|||||&#8220; header_text_color=&#8220;gcid-1ff801d2-a86b-4e48-8fb6-23dc0ffa13d2&#8243; body_font=&#8220;Montserrat||||||||&#8220; global_module=&#8220;7693&#8243; saved_tabs=&#8220;all&#8220; global_colors_info=&#8220;{%22gcid-1ff801d2-a86b-4e48-8fb6-23dc0ffa13d2%22:%91%22header_text_color%22%93}&#8220;]<\/p>\n<p>\u201eAlfi&#8217;s Company \u201c ist ein spannendes Planspiel, in dessen Verlauf die Teilnehmer*innen das Unternehmen Ihres verstorbenen Onkels f\u00fchren. Nun gilt es wichtige Entscheidungen zu treffen.<\/p>\n<p>[\/et_pb_blurb][et_pb_button button_url=&#8220;@ET-DC@eyJkeW5hbWljIjp0cnVlLCJjb250ZW50IjoicG9zdF9saW5rX3VybF9wYWdlIiwic2V0dGluZ3MiOnsicG9zdF9pZCI6IjYzNzgifX0=@&#8220; button_text=&#8220;zum Planspiel &#8220; _builder_version=&#8220;4.18.0&#8243; _dynamic_attributes=&#8220;button_url&#8220; _module_preset=&#8220;default&#8220; custom_margin=&#8220;||||false|false&#8220; global_module=&#8220;7694&#8243; saved_tabs=&#8220;all&#8220; global_colors_info=&#8220;{%22gcid-63879aee-b61c-4ff0-b2ba-ee923ca9e4b4%22:%91%22button_bg_color%22,%22button_border_color%22%93}&#8220;][\/et_pb_button][\/et_pb_column][\/et_pb_row][\/et_pb_section][et_pb_section fb_built=&#8220;1&#8243; admin_label=&#8220;Footer&#8220; _builder_version=&#8220;4.19.4&#8243; _module_preset=&#8220;default&#8220; background_color=&#8220;rgba(163,187,34,0.24)&#8220; custom_margin=&#8220;100px||||false|false&#8220; custom_padding=&#8220;||1px||false|false&#8220; global_module=&#8220;5987&#8243; saved_tabs=&#8220;all&#8220; global_colors_info=&#8220;{}&#8220;][\/et_pb_section]<\/p>","protected":false},"excerpt":{"rendered":"<p>Unsere Online-PlanspieleOnline-Planspiele sind unsere Antwort f\u00fcr Unternehmen auf herausfordernde Zeiten, die uns wohl noch l\u00e4nger begleiten werden. Gerade jetzt ist es schwierig, Mitarbeiter*innen Weiterbildungen zu erm\u00f6glichen, das Teamwork zu st\u00e4rken und gemeinsam Aufgaben zu meistern. Neue Lehrmethoden und Tools sind deshalb gefragt! In Zeiten von Home Office und verteiltem Arbeiten steigt auch der Bedarf nach Online-L\u00f6sungen bei Planspielen. Gerade jetzt, wenn F\u00fchrungskr\u00e4fte ihre Teams und Mitarbeiter*innen \u00f6rtlich voneinander getrennt zusammen agieren, bieten Online-Planspielseminare die optimale Voraussetzung, um flexibel auf die ge\u00e4nderten Bedingungen\u00a0 reagieren zu k\u00f6nnen. So k\u00f6nnen Sie Ihre Mitarbeiter*innen trotz Homeoffice f\u00f6rdern und strukturierte Inhalte in einfacher, ansprechender Lernumgebung vermitteln. Deshalb bieten wir Ihnen eine Auswahl unserer bew\u00e4hrten (urspr\u00fcnglich haptischen) Planspiele jetzt auch als Online-Varianten an. Dabei k\u00f6nnen komplexe Zusammenh\u00e4nge aus dem beruflichen Kontext praxisnah simuliert und trainiert werden ohne realen wirtschaftlichen Konsequenzen ausgesetzt zu sein. In Begleitung von unseren zertifizierten Trainer*innen k\u00f6nnen Sie und Ihre Teams trotz \u00f6rtlicher Trennung gemeinsam arbeiten, kooperieren und reale F\u00e4lle l\u00f6sen.Unsere Online-Planspiele: digital und universellOptimal f\u00fcr Teambuilding. Sie sind auf einer geheimen Mission im All. Pl\u00f6tzlich havariert Ihr Raumschiff. Nun ist effiziente Zusammenarbeit gefragt. Leiten Sie einen Freizeitpark und erleben Sie die Achterbahn der Entscheidungen, Prozesse und Zusammenarbeit in Unternehmen aus neuen Perspektiven. [&hellip;]<\/p>","protected":false},"author":14,"featured_media":0,"parent":0,"menu_order":0,"comment_status":"closed","ping_status":"closed","template":"","meta":{"_et_pb_use_builder":"on","_et_pb_old_content":"","_et_gb_content_width":"","footnotes":""},"dipi_cpt_category":[],"class_list":["post-7928","page","type-page","status-publish","hentry"],"yoast_head":"<!-- This site is optimized with the Yoast SEO plugin v26.4 - https:\/\/yoast.com\/wordpress\/plugins\/seo\/ -->\n<title>Online-Planspiele - digital und universell<\/title>\n<meta name=\"description\" content=\"Online-Planspiele sind unsere Antwort f\u00fcr Unternehmen auf die herausfordernden Zeiten, die uns wohl noch l\u00e4nger begleiten werden.\" \/>\n<meta name=\"robots\" content=\"index, follow, max-snippet:-1, max-image-preview:large, max-video-preview:-1\" \/>\n<link rel=\"canonical\" href=\"https:\/\/planspielzentrum.eu\/en\/online-planspiele\/\" \/>\n<meta property=\"og:locale\" content=\"en_US\" \/>\n<meta property=\"og:type\" content=\"article\" \/>\n<meta property=\"og:title\" content=\"Online-Planspiele - digital und universell\" \/>\n<meta property=\"og:description\" content=\"Online-Planspiele sind unsere Antwort f\u00fcr Unternehmen auf die herausfordernden Zeiten, die uns wohl noch l\u00e4nger begleiten werden.\" \/>\n<meta property=\"og:url\" content=\"https:\/\/planspielzentrum.eu\/en\/online-planspiele\/\" \/>\n<meta property=\"og:site_name\" content=\"Das Planspielzentrum\" \/>\n<meta property=\"article:publisher\" content=\"https:\/\/www.facebook.com\/kaiblingerpartner\/\" \/>\n<meta property=\"article:modified_time\" content=\"2026-04-28T08:21:32+00:00\" \/>\n<meta name=\"twitter:card\" content=\"summary_large_image\" \/>\n<meta name=\"twitter:site\" content=\"@KarlKaiblinger\" \/>\n<meta name=\"twitter:label1\" content=\"Est. reading time\" \/>\n\t<meta name=\"twitter:data1\" content=\"3 minutes\" \/>\n<script type=\"application\/ld+json\" class=\"yoast-schema-graph\">{\"@context\":\"https:\/\/schema.org\",\"@graph\":[{\"@type\":\"WebPage\",\"@id\":\"https:\/\/planspielzentrum.eu\/online-planspiele\/\",\"url\":\"https:\/\/planspielzentrum.eu\/online-planspiele\/\",\"name\":\"Online-Planspiele - digital und universell\",\"isPartOf\":{\"@id\":\"https:\/\/planspielzentrum.eu\/#website\"},\"datePublished\":\"2022-10-07T21:11:01+00:00\",\"dateModified\":\"2026-04-28T08:21:32+00:00\",\"description\":\"Online-Planspiele sind unsere Antwort f\u00fcr Unternehmen auf die herausfordernden Zeiten, die uns wohl noch l\u00e4nger begleiten werden.\",\"breadcrumb\":{\"@id\":\"https:\/\/planspielzentrum.eu\/online-planspiele\/#breadcrumb\"},\"inLanguage\":\"en-US\",\"potentialAction\":[{\"@type\":\"ReadAction\",\"target\":[\"https:\/\/planspielzentrum.eu\/online-planspiele\/\"]}]},{\"@type\":\"BreadcrumbList\",\"@id\":\"https:\/\/planspielzentrum.eu\/online-planspiele\/#breadcrumb\",\"itemListElement\":[{\"@type\":\"ListItem\",\"position\":1,\"name\":\"Startseite\",\"item\":\"https:\/\/planspielzentrum.eu\/\"},{\"@type\":\"ListItem\",\"position\":2,\"name\":\"online-planspiele\"}]},{\"@type\":\"WebSite\",\"@id\":\"https:\/\/planspielzentrum.eu\/#website\",\"url\":\"https:\/\/planspielzentrum.eu\/\",\"name\":\"Planspielzentrum Kaiblinger\",\"description\":\"Planspiele und Business-Simulationen aus aller Welt\",\"publisher\":{\"@id\":\"https:\/\/planspielzentrum.eu\/#organization\"},\"potentialAction\":[{\"@type\":\"SearchAction\",\"target\":{\"@type\":\"EntryPoint\",\"urlTemplate\":\"https:\/\/planspielzentrum.eu\/?s={search_term_string}\"},\"query-input\":{\"@type\":\"PropertyValueSpecification\",\"valueRequired\":true,\"valueName\":\"search_term_string\"}}],\"inLanguage\":\"en-US\"},{\"@type\":\"Organization\",\"@id\":\"https:\/\/planspielzentrum.eu\/#organization\",\"name\":\"Planspielzentrum\",\"url\":\"https:\/\/planspielzentrum.eu\/\",\"logo\":{\"@type\":\"ImageObject\",\"inLanguage\":\"en-US\",\"@id\":\"https:\/\/planspielzentrum.eu\/#\/schema\/logo\/image\/\",\"url\":\"https:\/\/planspielzentrum.eu\/wp-content\/uploads\/planspielzentrum-logo-70.jpg\",\"contentUrl\":\"https:\/\/planspielzentrum.eu\/wp-content\/uploads\/planspielzentrum-logo-70.jpg\",\"width\":202,\"height\":70,\"caption\":\"Planspielzentrum\"},\"image\":{\"@id\":\"https:\/\/planspielzentrum.eu\/#\/schema\/logo\/image\/\"},\"sameAs\":[\"https:\/\/www.facebook.com\/kaiblingerpartner\/\",\"https:\/\/x.com\/KarlKaiblinger\",\"https:\/\/www.linkedin.com\/company\/86288765\/admin\/\"]}]}<\/script>\n<!-- \/ Yoast SEO plugin. -->","yoast_head_json":{"title":"Online-Planspiele - digital und universell","description":"Online-Planspiele sind unsere Antwort f\u00fcr Unternehmen auf die herausfordernden Zeiten, die uns wohl noch l\u00e4nger begleiten werden.","robots":{"index":"index","follow":"follow","max-snippet":"max-snippet:-1","max-image-preview":"max-image-preview:large","max-video-preview":"max-video-preview:-1"},"canonical":"https:\/\/planspielzentrum.eu\/en\/online-planspiele\/","og_locale":"en_US","og_type":"article","og_title":"Online-Planspiele - digital und universell","og_description":"Online-Planspiele sind unsere Antwort f\u00fcr Unternehmen auf die herausfordernden Zeiten, die uns wohl noch l\u00e4nger begleiten werden.","og_url":"https:\/\/planspielzentrum.eu\/en\/online-planspiele\/","og_site_name":"Das Planspielzentrum","article_publisher":"https:\/\/www.facebook.com\/kaiblingerpartner\/","article_modified_time":"2026-04-28T08:21:32+00:00","twitter_card":"summary_large_image","twitter_site":"@KarlKaiblinger","twitter_misc":{"Est. reading time":"3 minutes"},"schema":{"@context":"https:\/\/schema.org","@graph":[{"@type":"WebPage","@id":"https:\/\/planspielzentrum.eu\/online-planspiele\/","url":"https:\/\/planspielzentrum.eu\/online-planspiele\/","name":"Online-Planspiele - digital und universell","isPartOf":{"@id":"https:\/\/planspielzentrum.eu\/#website"},"datePublished":"2022-10-07T21:11:01+00:00","dateModified":"2026-04-28T08:21:32+00:00","description":"Online-Planspiele sind unsere Antwort f\u00fcr Unternehmen auf die herausfordernden Zeiten, die uns wohl noch l\u00e4nger begleiten werden.","breadcrumb":{"@id":"https:\/\/planspielzentrum.eu\/online-planspiele\/#breadcrumb"},"inLanguage":"en-US","potentialAction":[{"@type":"ReadAction","target":["https:\/\/planspielzentrum.eu\/online-planspiele\/"]}]},{"@type":"BreadcrumbList","@id":"https:\/\/planspielzentrum.eu\/online-planspiele\/#breadcrumb","itemListElement":[{"@type":"ListItem","position":1,"name":"Startseite","item":"https:\/\/planspielzentrum.eu\/"},{"@type":"ListItem","position":2,"name":"online-planspiele"}]},{"@type":"WebSite","@id":"https:\/\/planspielzentrum.eu\/#website","url":"https:\/\/planspielzentrum.eu\/","name":"Planspielzentrum Kaiblinger","description":"Planspiele und Business-Simulationen aus aller Welt","publisher":{"@id":"https:\/\/planspielzentrum.eu\/#organization"},"potentialAction":[{"@type":"SearchAction","target":{"@type":"EntryPoint","urlTemplate":"https:\/\/planspielzentrum.eu\/?s={search_term_string}"},"query-input":{"@type":"PropertyValueSpecification","valueRequired":true,"valueName":"search_term_string"}}],"inLanguage":"en-US"},{"@type":"Organization","@id":"https:\/\/planspielzentrum.eu\/#organization","name":"Planspielzentrum","url":"https:\/\/planspielzentrum.eu\/","logo":{"@type":"ImageObject","inLanguage":"en-US","@id":"https:\/\/planspielzentrum.eu\/#\/schema\/logo\/image\/","url":"https:\/\/planspielzentrum.eu\/wp-content\/uploads\/planspielzentrum-logo-70.jpg","contentUrl":"https:\/\/planspielzentrum.eu\/wp-content\/uploads\/planspielzentrum-logo-70.jpg","width":202,"height":70,"caption":"Planspielzentrum"},"image":{"@id":"https:\/\/planspielzentrum.eu\/#\/schema\/logo\/image\/"},"sameAs":["https:\/\/www.facebook.com\/kaiblingerpartner\/","https:\/\/x.com\/KarlKaiblinger","https:\/\/www.linkedin.com\/company\/86288765\/admin\/"]}]}},"_links":{"self":[{"href":"https:\/\/planspielzentrum.eu\/en\/wp-json\/wp\/v2\/pages\/7928","targetHints":{"allow":["GET"]}}],"collection":[{"href":"https:\/\/planspielzentrum.eu\/en\/wp-json\/wp\/v2\/pages"}],"about":[{"href":"https:\/\/planspielzentrum.eu\/en\/wp-json\/wp\/v2\/types\/page"}],"author":[{"embeddable":true,"href":"https:\/\/planspielzentrum.eu\/en\/wp-json\/wp\/v2\/users\/14"}],"replies":[{"embeddable":true,"href":"https:\/\/planspielzentrum.eu\/en\/wp-json\/wp\/v2\/comments?post=7928"}],"version-history":[{"count":13,"href":"https:\/\/planspielzentrum.eu\/en\/wp-json\/wp\/v2\/pages\/7928\/revisions"}],"predecessor-version":[{"id":9829,"href":"https:\/\/planspielzentrum.eu\/en\/wp-json\/wp\/v2\/pages\/7928\/revisions\/9829"}],"wp:attachment":[{"href":"https:\/\/planspielzentrum.eu\/en\/wp-json\/wp\/v2\/media?parent=7928"}],"wp:term":[{"taxonomy":"dipi_cpt_category","embeddable":true,"href":"https:\/\/planspielzentrum.eu\/en\/wp-json\/wp\/v2\/dipi_cpt_category?post=7928"}],"curies":[{"name":"wp","href":"https:\/\/api.w.org\/{rel}","templated":true}]}}